{"id":1890,"date":"2017-01-11T22:25:19","date_gmt":"2017-01-11T21:25:19","guid":{"rendered":"https:\/\/worldofpadman.net\/?page_id=1890"},"modified":"2021-09-09T14:41:37","modified_gmt":"2021-09-09T12:41:37","slug":"punchy","status":"publish","type":"page","link":"https:\/\/worldofpadman.net\/en\/about\/weapons\/punchy\/","title":{"rendered":"Punchy"},"content":{"rendered":"<p>Default values may vary by map.)<\/span>\n\n<table id=\"tablepress-1890\" class=\"tablepress tablepress-id-1890\" aria-describedby=\"tablepress-1890-description\">\n<thead>\n<tr class=\"row-1\">\n\t<th class=\"column-1\">Name<\/th><th class=\"column-2\">Value \/ Description<\/th>\n<\/tr>\n<\/thead>\n<tbody class=\"row-striping row-hover\">\n<tr class=\"row-2\">\n\t<td class=\"column-1\">Field of application<\/td><td class=\"column-2\">close combat \/ melee<\/td>\n<\/tr>\n<tr class=\"row-3\">\n\t<td class=\"column-1\">Fire mode<\/td><td class=\"column-2\">automatic<\/td>\n<\/tr>\n<tr class=\"row-4\">\n\t<td class=\"column-1\">Hit damage<\/td><td class=\"column-2\">50 hit points<\/td>\n<\/tr>\n<tr class=\"row-5\">\n\t<td class=\"column-1\">Fire rate<\/td><td class=\"column-2\">150 bites per minute<\/td>\n<\/tr>\n<tr class=\"row-6\">\n\t<td class=\"column-1\">Maximum range<\/td><td class=\"column-2\">32 units<\/td>\n<\/tr>\n<\/tbody>\n<\/table>\n<!-- #tablepress-1890 from cache -->\n<h2>Psychic Pads Monster-Tipps<\/h2>\n<p>Du bevorzugst es, den enteartigen Punchy oft zu benutzen, aber vielleicht willst Du ein paar Tipps? Hier, bitte sch\u00f6n:<\/p>\n<ul>\n<li>Ein Gegner ist gerade in eine <a href=\"https:\/\/worldofpadman.net\/about\/powerups\/health-station\/\">Health Station<\/a> in Deiner N\u00e4he gegangen, aber schaut in die falsche Richtung? Hol die Punchy raus und greife ihn an, es wird ihn erschrecken. \ud83d\ude09<\/li>\n<li>Du bist gerade auf etwas geklettert und oben findest Du einen Scharfsch\u00fctzen am Rande von etwas, der \u00fcberhaupt nicht in Deine Richtung schaut? Dann hol deinen Punchy raus und GEHE zu deinem Gegner. Er wird Dich nicht h\u00f6ren und Du kannst Ihn schnell erledigen, wenn Du nah genug dran bist.<\/li>\n<li>Das Powerup <a href=\"https:\/\/worldofpadman.net\/about\/powerups\/speedy\/\">Speedy<\/a> hilft Dir, noch mehr Geschwindigkeit zu erreichen, als es normalerweise m\u00f6glich ist. Benutze es, um Gegner zu verwirren und zu erledigen. Aber sei gewarnt, wenn Du nicht genug Erfahrung mit dem Speedy hast, kann das sehr frustrierend werden.<\/li>\n<li>Sind Deine Gegner immer sehr dicht bei Dir, aber nicht sehr stark? Dann hol den Punchy raus und bei\u00dfe sie nieder!<\/li>\n<li>Es ist im Allgemeinen nicht gut, die Punchy gegen einen Gegner mit einer <a href=\"https:\/\/worldofpadman.net\/about\/weapons\/betty\/\">Betty,<\/a> <a href=\"https:\/\/worldofpadman.net\/about\/weapons\/balloony\/\">Balloony<\/a> oder <a href=\"https:\/\/worldofpadman.net\/about\/weapons\/boaster\/\">Boaster<\/a> einzusetzen, da er Dich damit schnell fertig machen kann.<\/li>\n<li>Diese Waffe in Kombination mit der <a href=\"https:\/\/worldofpadman.net\/about\/powerups\/padpower\/\">PadPower<\/a> versetzt Dich in die Lage, schnell viele Gegner zu erledigen, um bei richtiger Anwendung zum PuppetMaster zu werden.<\/li>\n<\/ul>\n<p>This hand puppet has it all! It bites and does a lot of damage to the opponent. The Punchy is not only the right choice for ammunition shortages, because whoever has chosen this weapon also runs a little faster (30%) and can therefore escape or attack better. The Punchy is available as a starting weapon in the game from the beginning and does not have to be collected.<\/p>\n<p><strong>PuppetMaster<\/strong>: If the Punchy achieves 5 Frags within a round, the player temporarily becomes the PuppetMaster and can make life really hard for his opponents. For 30 seconds he is 1.5 times faster than his fellow players, immediately receives 200% life energy and 200% shield energy and the Punchy kills an opponent with only one bite. However, the player is limited to the Punchy and cannot equip any other weapons as a PuppetMaster.<\/p>\n<h2>Picture gallery<\/h2>\n<div data-carousel-extra='{\"blog_id\":1,\"permalink\":\"https:\\\/\\\/worldofpadman.net\\\/en\\\/about\\\/weapons\\\/punchy\\\/\"}' class=\"tiled-gallery type-rectangular\" data-original-width=\"500\"><div class=\"gallery-row\" style=\"width: 495px; height: 368px;\"><div class=\"gallery-group images-1\" style=\"width: 495px; height: 372px;\"><div class=\"tiled-gallery-item tiled-gallery-item-large\"><a href=\"https:\/\/worldofpadman.net\/wp-content\/uploads\/items_punchytitle.jpg\"><img loading=\"lazy\" decoding=\"async\" data-attachment-id=\"9301\" data-orig-file=\"https:\/\/worldofpadman.net\/wp-content\/uploads\/items_punchytitle.jpg\" data-orig-size=\"1280,960\" data-comments-opened=\"0\" data-image-meta=\"{&quot;aperture&quot;:&quot;0&quot;,&quot;credit&quot;:&quot;&quot;,&quot;camera&quot;:&quot;&quot;,&quot;caption&quot;:&quot;&quot;,&quot;created_timestamp&quot;:&quot;0&quot;,&quot;copyright&quot;:&quot;&quot;,&quot;focal_length&quot;:&quot;0&quot;,&quot;iso&quot;:&quot;0&quot;,&quot;shutter_speed&quot;:&quot;0&quot;,&quot;title&quot;:&quot;&quot;,&quot;orientation&quot;:&quot;0&quot;}\" data-image-title=\"Punchy\" data-image-description=\"\" data-medium-file=\"https:\/\/worldofpadman.net\/wp-content\/uploads\/items_punchytitle-326x245.jpg\" data-large-file=\"https:\/\/worldofpadman.net\/wp-content\/uploads\/items_punchytitle-676x507.jpg\" src=\"https:\/\/worldofpadman.net\/wp-content\/uploads\/items_punchytitle-491x368.jpg\" width=\"491\" height=\"368\" align=\"left\" title=\"Punchy\" \/><\/a><\/div><\/div><\/div><\/div>\n<p>&nbsp;<\/p>\n<h2>Specifications<\/h2>\n<span id=\"tablepress-1890-no-2-description\" class=\"tablepress-table-description tablepress-table-description-id-1890\">(*Default values may vary by map.)<\/span>\n\n<table id=\"tablepress-1890-no-2\" class=\"tablepress tablepress-id-1890\" aria-describedby=\"tablepress-1890-no-2-description\">\n<thead>\n<tr class=\"row-1\">\n\t<th class=\"column-1\">Name<\/th><th class=\"column-2\">Value \/ Description<\/th>\n<\/tr>\n<\/thead>\n<tbody class=\"row-striping row-hover\">\n<tr class=\"row-2\">\n\t<td class=\"column-1\">Field of application<\/td><td class=\"column-2\">close combat \/ melee<\/td>\n<\/tr>\n<tr class=\"row-3\">\n\t<td class=\"column-1\">Fire mode<\/td><td class=\"column-2\">automatic<\/td>\n<\/tr>\n<tr class=\"row-4\">\n\t<td class=\"column-1\">Hit damage<\/td><td class=\"column-2\">50 hit points<\/td>\n<\/tr>\n<tr class=\"row-5\">\n\t<td class=\"column-1\">Fire rate<\/td><td class=\"column-2\">150 bites per minute<\/td>\n<\/tr>\n<tr class=\"row-6\">\n\t<td class=\"column-1\">Maximum range<\/td><td class=\"column-2\">32 units<\/td>\n<\/tr>\n<\/tbody>\n<\/table>\n\n<h2>Psychic Pad&#8217;s Monster Tips<\/h2>\n<p>You prefer to use the duck-like Punchy often but maybe you want some tips? Here you go:<\/p>\n<ul>\n<li>An enemy just went into a <a href=\"https:\/\/worldofpadman.net\/about\/powerups\/health-station\/\">Health Station<\/a> near you but is looking the wrong way? Get the Punchy out and charge in for the kill, it will scare him. \ud83d\ude09<\/li>\n<li>You just climbed something and at the top you find a sniper on the edge of something not looking your way at all? Then get your Punchy out and WALK to your opponent, he will not hear you; and you can go for the kill when you are close enough.<\/li>\n<li>The power-up <a href=\"https:\/\/worldofpadman.net\/about\/powerups\/speedy\/\">Speedy<\/a> will help you get even more speed than is normally possible. Use it to confuse and take down opponents, but be warned, if you are not experienced enough with the Speedy you could get very frustrated.<\/li>\n<li>If your opponents are always up close to you, but they are not very strong? Then get the Punchy out and bite them down!<\/li>\n<li>It is generally not good to use a Punchy against an opponent with a <a href=\"https:\/\/worldofpadman.net\/about\/weapons\/betty\/\">Betty,<\/a> <a href=\"https:\/\/worldofpadman.net\/about\/weapons\/balloony\/\">Balloony<\/a> or <a href=\"https:\/\/worldofpadman.net\/about\/weapons\/boaster\/\">Boaster<\/a>, as they may make quick work of you.<\/li>\n<li>This weapon combined with the <a href=\"https:\/\/worldofpadman.net\/about\/powerups\/padpower\/\">PadPower<\/a> can see you take a lot of opponents down to become the PuppetMaster if used correctly.<\/li>\n<\/ul>\n<p><\/p>","protected":false},"excerpt":{"rendered":"<p>This hand puppet has it all! It bites and does a lot of damage to the opponent. The Punchy is not only the right choice for ammunition shortages, because whoever has chosen this weapon also runs a little faster (30%) and can therefore escape or attack better. The Punchy is available as a starting weapon [&hellip;]<\/p>\n","protected":false},"author":2,"featured_media":9301,"parent":1273,"menu_order":0,"comment_status":"closed","ping_status":"closed","template":"template-full.php","meta":{"footnotes":""},"class_list":["post-1890","page","type-page","status-publish","has-post-thumbnail","hentry"],"_links":{"self":[{"href":"https:\/\/worldofpadman.net\/en\/wp-json\/wp\/v2\/pages\/1890","targetHints":{"allow":["GET"]}}],"collection":[{"href":"https:\/\/worldofpadman.net\/en\/wp-json\/wp\/v2\/pages"}],"about":[{"href":"https:\/\/worldofpadman.net\/en\/wp-json\/wp\/v2\/types\/page"}],"author":[{"embeddable":true,"href":"https:\/\/worldofpadman.net\/en\/wp-json\/wp\/v2\/users\/2"}],"replies":[{"embeddable":true,"href":"https:\/\/worldofpadman.net\/en\/wp-json\/wp\/v2\/comments?post=1890"}],"version-history":[{"count":10,"href":"https:\/\/worldofpadman.net\/en\/wp-json\/wp\/v2\/pages\/1890\/revisions"}],"predecessor-version":[{"id":9302,"href":"https:\/\/worldofpadman.net\/en\/wp-json\/wp\/v2\/pages\/1890\/revisions\/9302"}],"up":[{"embeddable":true,"href":"https:\/\/worldofpadman.net\/en\/wp-json\/wp\/v2\/pages\/1273"}],"wp:featuredmedia":[{"embeddable":true,"href":"https:\/\/worldofpadman.net\/en\/wp-json\/wp\/v2\/media\/9301"}],"wp:attachment":[{"href":"https:\/\/worldofpadman.net\/en\/wp-json\/wp\/v2\/media?parent=1890"}],"curies":[{"name":"wp","href":"https:\/\/api.w.org\/{rel}","templated":true}]}}