{"id":1904,"date":"2017-01-12T10:22:25","date_gmt":"2017-01-12T09:22:25","guid":{"rendered":"https:\/\/worldofpadman.net\/?page_id=1904"},"modified":"2021-09-09T14:41:37","modified_gmt":"2021-09-09T12:41:37","slug":"pumper","status":"publish","type":"page","link":"https:\/\/worldofpadman.net\/en\/about\/weapons\/pumper\/","title":{"rendered":"Pumper"},"content":{"rendered":"<p>Default values may vary by map.)<\/span>\n\n<table id=\"tablepress-1904\" class=\"tablepress tablepress-id-1904\" aria-describedby=\"tablepress-1904-description\">\n<thead>\n<tr class=\"row-1\">\n\t<th class=\"column-1\">Name<\/th><th class=\"column-2\">Value \/ Description<\/th>\n<\/tr>\n<\/thead>\n<tbody class=\"row-striping row-hover\">\n<tr class=\"row-2\">\n\t<td class=\"column-1\">Field of application<\/td><td class=\"column-2\">medium range<\/td>\n<\/tr>\n<tr class=\"row-3\">\n\t<td class=\"column-1\">Fire mode<\/td><td class=\"column-2\">single<\/td>\n<\/tr>\n<tr class=\"row-4\">\n\t<td class=\"column-1\">Hit damage<\/td><td class=\"column-2\">70 hit points (direct damage) plus up to 50 hit points (splash damage within a radius of 80 units)<\/td>\n<\/tr>\n<tr class=\"row-5\">\n\t<td class=\"column-1\">Fire rate<\/td><td class=\"column-2\">60 rounds per minute<\/td>\n<\/tr>\n<tr class=\"row-6\">\n\t<td class=\"column-1\">Maximum range<\/td><td class=\"column-2\">1024 units<\/td>\n<\/tr>\n<tr class=\"row-7\">\n\t<td class=\"column-1\">Ammunition type<\/td><td class=\"column-2\">green ammunition bottle<\/td>\n<\/tr>\n<tr class=\"row-8\">\n\t<td class=\"column-1\">Ammunition quantity*<\/td><td class=\"column-2\">10 shots in the clip and 15 shots per bottle<\/td>\n<\/tr>\n<tr class=\"row-9\">\n\t<td class=\"column-1\">Maximum portable ammunition<\/td><td class=\"column-2\">200 shots<\/td>\n<\/tr>\n<\/tbody>\n<\/table>\n<!-- #tablepress-1904 from cache -->\n<h2>Psychic Pads Monster-Tipps<\/h2>\n<p>Diese m\u00e4chtige Mittelstreckenwaffe wird oft nur dann eingesetzt, wenn sie die einzige Wahl ist, aber diese Waffe ist bei richtiger Anwendung wirklich verheerend:<\/p>\n<ul>\n<li>Wenn Du gut zielen kannst, dann werden 2-3 direkte Treffer einen Gegner ohne Schildenergie schnell und hart nieder strecken!<\/li>\n<li>Wenn Dein Gegner Deinen Sch\u00fcssen ausweicht, dann mach Dir keine Sorgen &#8230; ziele auf seine F\u00fc\u00dfe und sag ihm, er soll zu tanzen anfangen, da er durch den Spritzschaden schnell Deine F\u00fc\u00dfe k\u00fcssen wird. \ud83d\ude09<\/li>\n<li>Es ist m\u00f6glich, ein Gef\u00fchl daf\u00fcr zu bekommen, wann Dein Gegner au\u00dfer Reichweite ist. Benutze die Pumper oft und Du wirst lernen, dass eine anst\u00e4ndig eingesetzte Pumper + <a href=\"https:\/\/worldofpadman.net\/about\/weapons\/bubble-g\/\">Bubble G.<\/a> Kombination alles ist, was Du f\u00fcr kurze, mittlere und lange Distanzen brauchst.<\/li>\n<li>Diese Waffe hat mehr Power, als die meisten Spieler ihr zutrauen! Untersch\u00e4tze sie nicht.<\/li>\n<li>In Kombination mit dem <a href=\"https:\/\/worldofpadman.net\/about\/powerups\/padpower\/\">PadPower<\/a> kannst du Pumper-Spr\u00fcnge durchf\u00fchren, ohne dir selbst Schaden zuzuf\u00fcgen. Dies ist besonders n\u00fctzlich, wenn Du versuchst, an schwer zug\u00e4ngliche Stellen zu gelangen.<\/li>\n<\/ul>\n<p>With this double-barrelled water gun the player can have a blast. With its powerful lightning discharge at the end of the jet, it can also cause damage to enemies in the vicinity. This can be very helpful if aiming and hitting does not work out properly. However, it only has a limited range and should therefore preferably be used for medium ranges. At short distances the player can quickly inflict damage on himself. Also the Pumper cannot be fired so fast one after the other.<\/p>\n<h2>Picture gallery<\/h2>\n<div data-carousel-extra='{\"blog_id\":1,\"permalink\":\"https:\\\/\\\/worldofpadman.net\\\/en\\\/about\\\/weapons\\\/pumper\\\/\"}' class=\"tiled-gallery type-rectangular\" data-original-width=\"500\"><div class=\"gallery-row\" style=\"width: 495px; height: 368px;\"><div class=\"gallery-group images-1\" style=\"width: 495px; height: 372px;\"><div class=\"tiled-gallery-item tiled-gallery-item-large\"><a href=\"https:\/\/worldofpadman.net\/wp-content\/uploads\/items_pumpertitle.jpg\"><img loading=\"lazy\" decoding=\"async\" data-attachment-id=\"9257\" data-orig-file=\"https:\/\/worldofpadman.net\/wp-content\/uploads\/items_pumpertitle.jpg\" data-orig-size=\"1280,960\" data-comments-opened=\"0\" data-image-meta=\"{&quot;aperture&quot;:&quot;0&quot;,&quot;credit&quot;:&quot;&quot;,&quot;camera&quot;:&quot;&quot;,&quot;caption&quot;:&quot;&quot;,&quot;created_timestamp&quot;:&quot;0&quot;,&quot;copyright&quot;:&quot;&quot;,&quot;focal_length&quot;:&quot;0&quot;,&quot;iso&quot;:&quot;0&quot;,&quot;shutter_speed&quot;:&quot;0&quot;,&quot;title&quot;:&quot;&quot;,&quot;orientation&quot;:&quot;0&quot;}\" data-image-title=\"Pumper\" data-image-description=\"\" data-medium-file=\"https:\/\/worldofpadman.net\/wp-content\/uploads\/items_pumpertitle-326x245.jpg\" data-large-file=\"https:\/\/worldofpadman.net\/wp-content\/uploads\/items_pumpertitle-676x507.jpg\" src=\"https:\/\/worldofpadman.net\/wp-content\/uploads\/items_pumpertitle-491x368.jpg\" width=\"491\" height=\"368\" align=\"left\" title=\"Pumper\" \/><\/a><\/div><\/div><\/div><\/div>\n<p>&nbsp;<\/p>\n<h2>Specifications<\/h2>\n<span id=\"tablepress-1904-no-2-description\" class=\"tablepress-table-description tablepress-table-description-id-1904\">(*Default values may vary by map.)<\/span>\n\n<table id=\"tablepress-1904-no-2\" class=\"tablepress tablepress-id-1904\" aria-describedby=\"tablepress-1904-no-2-description\">\n<thead>\n<tr class=\"row-1\">\n\t<th class=\"column-1\">Name<\/th><th class=\"column-2\">Value \/ Description<\/th>\n<\/tr>\n<\/thead>\n<tbody class=\"row-striping row-hover\">\n<tr class=\"row-2\">\n\t<td class=\"column-1\">Field of application<\/td><td class=\"column-2\">medium range<\/td>\n<\/tr>\n<tr class=\"row-3\">\n\t<td class=\"column-1\">Fire mode<\/td><td class=\"column-2\">single<\/td>\n<\/tr>\n<tr class=\"row-4\">\n\t<td class=\"column-1\">Hit damage<\/td><td class=\"column-2\">70 hit points (direct damage) plus up to 50 hit points (splash damage within a radius of 80 units)<\/td>\n<\/tr>\n<tr class=\"row-5\">\n\t<td class=\"column-1\">Fire rate<\/td><td class=\"column-2\">60 rounds per minute<\/td>\n<\/tr>\n<tr class=\"row-6\">\n\t<td class=\"column-1\">Maximum range<\/td><td class=\"column-2\">1024 units<\/td>\n<\/tr>\n<tr class=\"row-7\">\n\t<td class=\"column-1\">Ammunition type<\/td><td class=\"column-2\">green ammunition bottle<\/td>\n<\/tr>\n<tr class=\"row-8\">\n\t<td class=\"column-1\">Ammunition quantity*<\/td><td class=\"column-2\">10 shots in the clip and 15 shots per bottle<\/td>\n<\/tr>\n<tr class=\"row-9\">\n\t<td class=\"column-1\">Maximum portable ammunition<\/td><td class=\"column-2\">200 shots<\/td>\n<\/tr>\n<\/tbody>\n<\/table>\n\n<h2>Psychic Pads Monster Tips<\/h2>\n<p>This powerful medium range weapon is often not used unless it is the only choice left, but this weapon is truly devastating if used properly:<\/p>\n<ul>\n<li>If you have a good aim, then 2-3 direct hits on an unshielded opponent will see them come crashing down hard and fast!<\/li>\n<li>If your opponent is dodging your shots then no worries &#8230; aim at their feet and tell them to start dancing, as the splash damage will see them kiss your feet quickly. \ud83d\ude09<\/li>\n<li>It is possible to get a feel for when your opponent is just out of range. Use it often and you will learn that a decently used Pumper + <a href=\"https:\/\/worldofpadman.net\/about\/weapons\/bubble-g\/\">Bubble G.<\/a> combo will be that is all you need for close, medium and long ranges.<\/li>\n<li>This weapon has more power than most players give it credit for! Do not underestimate it.<\/li>\n<li>When paired with <a href=\"https:\/\/worldofpadman.net\/about\/powerups\/padpower\/\">PadPower<\/a>, you can perform Pumper jumps without dealing self damage. This is especially useful when you try to get to hard-to-reach areas.<\/li>\n<\/ul>\n<p><\/p>","protected":false},"excerpt":{"rendered":"<p>With this double-barrelled water gun the player can have a blast. With its powerful lightning discharge at the end of the jet, it can also cause damage to enemies in the vicinity. This can be very helpful if aiming and hitting does not work out properly. However, it only has a limited range and should [&hellip;]<\/p>\n","protected":false},"author":2,"featured_media":9257,"parent":1273,"menu_order":0,"comment_status":"closed","ping_status":"closed","template":"template-full.php","meta":{"footnotes":""},"class_list":["post-1904","page","type-page","status-publish","has-post-thumbnail","hentry"],"_links":{"self":[{"href":"https:\/\/worldofpadman.net\/en\/wp-json\/wp\/v2\/pages\/1904","targetHints":{"allow":["GET"]}}],"collection":[{"href":"https:\/\/worldofpadman.net\/en\/wp-json\/wp\/v2\/pages"}],"about":[{"href":"https:\/\/worldofpadman.net\/en\/wp-json\/wp\/v2\/types\/page"}],"author":[{"embeddable":true,"href":"https:\/\/worldofpadman.net\/en\/wp-json\/wp\/v2\/users\/2"}],"replies":[{"embeddable":true,"href":"https:\/\/worldofpadman.net\/en\/wp-json\/wp\/v2\/comments?post=1904"}],"version-history":[{"count":7,"href":"https:\/\/worldofpadman.net\/en\/wp-json\/wp\/v2\/pages\/1904\/revisions"}],"predecessor-version":[{"id":9259,"href":"https:\/\/worldofpadman.net\/en\/wp-json\/wp\/v2\/pages\/1904\/revisions\/9259"}],"up":[{"embeddable":true,"href":"https:\/\/worldofpadman.net\/en\/wp-json\/wp\/v2\/pages\/1273"}],"wp:featuredmedia":[{"embeddable":true,"href":"https:\/\/worldofpadman.net\/en\/wp-json\/wp\/v2\/media\/9257"}],"wp:attachment":[{"href":"https:\/\/worldofpadman.net\/en\/wp-json\/wp\/v2\/media?parent=1904"}],"curies":[{"name":"wp","href":"https:\/\/api.w.org\/{rel}","templated":true}]}}