{"id":1908,"date":"2017-01-12T10:23:51","date_gmt":"2017-01-12T09:23:51","guid":{"rendered":"https:\/\/worldofpadman.net\/?page_id=1908"},"modified":"2021-09-09T14:41:37","modified_gmt":"2021-09-09T12:41:37","slug":"balloony","status":"publish","type":"page","link":"https:\/\/worldofpadman.net\/en\/about\/weapons\/balloony\/","title":{"rendered":"Balloony"},"content":{"rendered":"<p>Default values may vary by map.)<\/span>\n\n<table id=\"tablepress-1908\" class=\"tablepress tablepress-id-1908\" aria-describedby=\"tablepress-1908-description\">\n<thead>\n<tr class=\"row-1\">\n\t<th class=\"column-1\">Name<\/th><th class=\"column-2\">Value \/ Description<\/th>\n<\/tr>\n<\/thead>\n<tbody class=\"row-striping row-hover\">\n<tr class=\"row-2\">\n\t<td class=\"column-1\">Field of application<\/td><td class=\"column-2\">medium range<\/td>\n<\/tr>\n<tr class=\"row-3\">\n\t<td class=\"column-1\">Fire mode<\/td><td class=\"column-2\">single<\/td>\n<\/tr>\n<tr class=\"row-4\">\n\t<td class=\"column-1\">Hit damage<\/td><td class=\"column-2\">80 hit points (direct damage) plus up to 80 hit points (splash damage within a radius of 80 units)<\/td>\n<\/tr>\n<tr class=\"row-5\">\n\t<td class=\"column-1\">Fire rate<\/td><td class=\"column-2\">75 rounds per minute<\/td>\n<\/tr>\n<tr class=\"row-6\">\n\t<td class=\"column-1\">Time fuse balloons<\/td><td class=\"column-2\">2,5 seconds<\/td>\n<\/tr>\n<tr class=\"row-7\">\n\t<td class=\"column-1\">Muzzle velocity<\/td><td class=\"column-2\">900 units per second<\/td>\n<\/tr>\n<tr class=\"row-8\">\n\t<td class=\"column-1\">Ammunition type<\/td><td class=\"column-2\">orange ammunition bottle<\/td>\n<\/tr>\n<tr class=\"row-9\">\n\t<td class=\"column-1\">Ammunition quantity*<\/td><td class=\"column-2\">10 shots in the clip and 10 shots per bottle<\/td>\n<\/tr>\n<tr class=\"row-10\">\n\t<td class=\"column-1\">Maximum portable ammunition<\/td><td class=\"column-2\">200 shots<\/td>\n<\/tr>\n<\/tbody>\n<\/table>\n<!-- #tablepress-1908 from cache -->\n<h2>Psychic Pads Monster-Tipps<\/h2>\n<p>LOONS A&#8217;Hoy! Diese Waffe ist wirklich verheerend, wenn sie gut eingesetzt wird, und kann auch ganze Gruppen von Gegnern aufhalten. Aber sei gewarnt, wenn Du dabei nicht selbst auf Dich acht gibst, wirst Du mit Deiner Randale in einer Sackgasse enden.<\/p>\n<ul>\n<li>Du kannst ein Gebiet mit Explosionen effektiv beherrschen, indem Du Ballons in zuf\u00e4llige Richtungen in deine Umgebung abfeuerst.<\/li>\n<li>Wenn Du dabei bist, durch einen Teleporter zu gehen, dann feuere kurz vor dem Teleportieren einen Ballon knapp \u00fcber Dich \/ zur Seite von Dir ab, so dass er an Dir vorbei springt, aber jemanden trifft, der Dich verfolgt.<\/li>\n<li>Benutze diese Waffe an Orten mit vielen Spielern, denn es wird zu einem Tumult f\u00fchren. Sei dabei jedoch EXTREM vorsichtig und bleib zur\u00fcck, wenn du kannst.<\/li>\n<li>Kombiniere diese Waffe mit der <a href=\"https:\/\/worldofpadman.net\/about\/powerups\/padpower\/\">PadPower<\/a>, um zu einer wahren Gefahr f\u00fcr andere zu werden.<\/li>\n<li>Wenn dein Gegner v\u00f6llig ungesch\u00fctzt (ohne Schildpunkte) ist, dann gen\u00fcgt fast ein einziger direkter Ballon-Treffer, um ihn auszuschalten!<\/li>\n<li>Wenn Du jemanden siehst, der sich einem Jumppad n\u00e4hert, das Du gerade zuvor benutzt hast, dann halte Dich etwas im Hintergrund und feuere bei seinem Erscheinen einige Ballons in seinen Sprungweg. Versuche dabei richtig vorauszusagen, wo sich Dein Gegner und der Ballon treffen werden. Dies erfordert etwas \u00dcbung, ist aber f\u00fcr schnelle Knockouts sehr effektiv.<\/li>\n<li>Benutze keine Ballons, wenn du bereits gesundheitlich angeschlagen bist &#8230; ich w\u00fcrde in dieser Situation lieber die <a href=\"https:\/\/worldofpadman.net\/about\/weapons\/nipper\/\">Nipper<\/a> f\u00fcr mittlerer Reichweiten verwenden.<\/li>\n<li>Sie ist extrem gut gegen jemanden, der einfach stillsteht.<\/li>\n<li>Sie ist gut um damit auf <a href=\"https:\/\/worldofpadman.net\/about\/powerups\/health-station\/\">Health Stations<\/a> zu schie\u00dfen, die gerade in Benutzung sind.<\/li>\n<\/ul>\n<p>The Balloony is oddly unpredictable. It is quite difficult to fire a targeted shot with it, as its water bombs jump wildly around. The advantage, however, is that the water bombs can only explode after a certain time and cause a lot of damage. In narrow spaces this can quickly become very dangerous and fatal for groups of enemies!<\/p>\n<h2>Picture gallery<\/h2>\n<div data-carousel-extra='{\"blog_id\":1,\"permalink\":\"https:\\\/\\\/worldofpadman.net\\\/en\\\/about\\\/weapons\\\/balloony\\\/\"}' class=\"tiled-gallery type-rectangular\" data-original-width=\"500\"><div class=\"gallery-row\" style=\"width: 495px; height: 368px;\"><div class=\"gallery-group images-1\" style=\"width: 495px; height: 372px;\"><div class=\"tiled-gallery-item tiled-gallery-item-large\"><a href=\"https:\/\/worldofpadman.net\/wp-content\/uploads\/items_balloonytitle.jpg\"><img loading=\"lazy\" decoding=\"async\" data-attachment-id=\"9299\" data-orig-file=\"https:\/\/worldofpadman.net\/wp-content\/uploads\/items_balloonytitle.jpg\" data-orig-size=\"1280,960\" data-comments-opened=\"0\" data-image-meta=\"{&quot;aperture&quot;:&quot;0&quot;,&quot;credit&quot;:&quot;&quot;,&quot;camera&quot;:&quot;&quot;,&quot;caption&quot;:&quot;&quot;,&quot;created_timestamp&quot;:&quot;0&quot;,&quot;copyright&quot;:&quot;&quot;,&quot;focal_length&quot;:&quot;0&quot;,&quot;iso&quot;:&quot;0&quot;,&quot;shutter_speed&quot;:&quot;0&quot;,&quot;title&quot;:&quot;&quot;,&quot;orientation&quot;:&quot;0&quot;}\" data-image-title=\"Balloony\" data-image-description=\"\" data-medium-file=\"https:\/\/worldofpadman.net\/wp-content\/uploads\/items_balloonytitle-326x245.jpg\" data-large-file=\"https:\/\/worldofpadman.net\/wp-content\/uploads\/items_balloonytitle-676x507.jpg\" src=\"https:\/\/worldofpadman.net\/wp-content\/uploads\/items_balloonytitle-491x368.jpg\" width=\"491\" height=\"368\" align=\"left\" title=\"Balloony\" \/><\/a><\/div><\/div><\/div><\/div>\n<p>&nbsp;<\/p>\n<h2>Specifications<\/h2>\n<span id=\"tablepress-1908-no-2-description\" class=\"tablepress-table-description tablepress-table-description-id-1908\">(*Default values may vary by map.)<\/span>\n\n<table id=\"tablepress-1908-no-2\" class=\"tablepress tablepress-id-1908\" aria-describedby=\"tablepress-1908-no-2-description\">\n<thead>\n<tr class=\"row-1\">\n\t<th class=\"column-1\">Name<\/th><th class=\"column-2\">Value \/ Description<\/th>\n<\/tr>\n<\/thead>\n<tbody class=\"row-striping row-hover\">\n<tr class=\"row-2\">\n\t<td class=\"column-1\">Field of application<\/td><td class=\"column-2\">medium range<\/td>\n<\/tr>\n<tr class=\"row-3\">\n\t<td class=\"column-1\">Fire mode<\/td><td class=\"column-2\">single<\/td>\n<\/tr>\n<tr class=\"row-4\">\n\t<td class=\"column-1\">Hit damage<\/td><td class=\"column-2\">80 hit points (direct damage) plus up to 80 hit points (splash damage within a radius of 80 units)<\/td>\n<\/tr>\n<tr class=\"row-5\">\n\t<td class=\"column-1\">Fire rate<\/td><td class=\"column-2\">75 rounds per minute<\/td>\n<\/tr>\n<tr class=\"row-6\">\n\t<td class=\"column-1\">Time fuse balloons<\/td><td class=\"column-2\">2,5 seconds<\/td>\n<\/tr>\n<tr class=\"row-7\">\n\t<td class=\"column-1\">Muzzle velocity<\/td><td class=\"column-2\">900 units per second<\/td>\n<\/tr>\n<tr class=\"row-8\">\n\t<td class=\"column-1\">Ammunition type<\/td><td class=\"column-2\">orange ammunition bottle<\/td>\n<\/tr>\n<tr class=\"row-9\">\n\t<td class=\"column-1\">Ammunition quantity*<\/td><td class=\"column-2\">10 shots in the clip and 10 shots per bottle<\/td>\n<\/tr>\n<tr class=\"row-10\">\n\t<td class=\"column-1\">Maximum portable ammunition<\/td><td class=\"column-2\">200 shots<\/td>\n<\/tr>\n<\/tbody>\n<\/table>\n\n<h2>Psychic Pad&#8217;s Monster Tips<\/h2>\n<p>LOONS A&#8217;Hoy! This weapon be truly devastating if used well and can also stop crowds dead in their tracks, but be warned, taking yourself out in the process will see your rampage come to a dead-end.<\/p>\n<ul>\n<li>You can cover an area with explosions effectively by firing &#8216;loons in random directions towards an area.<\/li>\n<li>If you are about to go through a teleporter, then just before you teleport, fire a &#8216;loon just above \/ to the side of you slightly so it bounces past you, but will hit someone chasing you.<\/li>\n<li>Use this weapon in places with a lot of players, it will cause a riot, just be EXTREMELY careful and stay back if you can.<\/li>\n<li>Combine this weapon with the <a href=\"https:\/\/worldofpadman.net\/about\/powerups\/padpower\/\">PadPower<\/a> to become a true force to be fearful of.<\/li>\n<li>If your opponent is totally unshielded then one direct hit &#8216;loon will be nearly enough to knock him out!<\/li>\n<li>If you see someone approach a jump pad you just used, then stand back, and as he appears, fire some &#8216;loons in the jump pads path, but try to predict it so both the enemy and the &#8216;loon will connect. This takes some practice, but is ever so useful for easy knockouts.<\/li>\n<li>Do not use \u2018loons when you are low on health &#8230; I would rather use the <a href=\"https:\/\/worldofpadman.net\/about\/weapons\/nipper\/\">Nipper<\/a> than this on low health (medium range anyway).<\/li>\n<li>It is extremely good against someone that is standing still.<\/li>\n<li>It is good at firing at <a href=\"https:\/\/worldofpadman.net\/about\/powerups\/health-station\/\">health stations<\/a> in use.<\/li>\n<\/ul>\n<p><\/p>","protected":false},"excerpt":{"rendered":"<p>The Balloony is oddly unpredictable. It is quite difficult to fire a targeted shot with it, as its water bombs jump wildly around. The advantage, however, is that the water bombs can only explode after a certain time and cause a lot of damage. In narrow spaces this can quickly become very dangerous and fatal [&hellip;]<\/p>\n","protected":false},"author":2,"featured_media":9299,"parent":1273,"menu_order":0,"comment_status":"closed","ping_status":"closed","template":"template-full.php","meta":{"footnotes":""},"class_list":["post-1908","page","type-page","status-publish","has-post-thumbnail","hentry"],"_links":{"self":[{"href":"https:\/\/worldofpadman.net\/en\/wp-json\/wp\/v2\/pages\/1908","targetHints":{"allow":["GET"]}}],"collection":[{"href":"https:\/\/worldofpadman.net\/en\/wp-json\/wp\/v2\/pages"}],"about":[{"href":"https:\/\/worldofpadman.net\/en\/wp-json\/wp\/v2\/types\/page"}],"author":[{"embeddable":true,"href":"https:\/\/worldofpadman.net\/en\/wp-json\/wp\/v2\/users\/2"}],"replies":[{"embeddable":true,"href":"https:\/\/worldofpadman.net\/en\/wp-json\/wp\/v2\/comments?post=1908"}],"version-history":[{"count":10,"href":"https:\/\/worldofpadman.net\/en\/wp-json\/wp\/v2\/pages\/1908\/revisions"}],"predecessor-version":[{"id":9300,"href":"https:\/\/worldofpadman.net\/en\/wp-json\/wp\/v2\/pages\/1908\/revisions\/9300"}],"up":[{"embeddable":true,"href":"https:\/\/worldofpadman.net\/en\/wp-json\/wp\/v2\/pages\/1273"}],"wp:featuredmedia":[{"embeddable":true,"href":"https:\/\/worldofpadman.net\/en\/wp-json\/wp\/v2\/media\/9299"}],"wp:attachment":[{"href":"https:\/\/worldofpadman.net\/en\/wp-json\/wp\/v2\/media?parent=1908"}],"curies":[{"name":"wp","href":"https:\/\/api.w.org\/{rel}","templated":true}]}}