{"id":1911,"date":"2017-01-12T10:25:11","date_gmt":"2017-01-12T09:25:11","guid":{"rendered":"https:\/\/worldofpadman.net\/?page_id=1911"},"modified":"2021-09-09T14:41:37","modified_gmt":"2021-09-09T12:41:37","slug":"betty","status":"publish","type":"page","link":"https:\/\/worldofpadman.net\/en\/about\/weapons\/betty\/","title":{"rendered":"Betty"},"content":{"rendered":"<p>Default values may vary by map.)<\/span>\n\n<table id=\"tablepress-1911\" class=\"tablepress tablepress-id-1911\" aria-describedby=\"tablepress-1911-description\">\n<thead>\n<tr class=\"row-1\">\n\t<th class=\"column-1\">Name<\/th><th class=\"column-2\">Value \/ Description<\/th>\n<\/tr>\n<\/thead>\n<tbody class=\"row-striping row-hover\">\n<tr class=\"row-2\">\n\t<td class=\"column-1\">Field of application<\/td><td class=\"column-2\">medium range<\/td>\n<\/tr>\n<tr class=\"row-3\">\n\t<td class=\"column-1\">Fire mode<\/td><td class=\"column-2\">single<\/td>\n<\/tr>\n<tr class=\"row-4\">\n\t<td class=\"column-1\">Hit damage<\/td><td class=\"column-2\">100 hit points (direct damage) plus up to 100 hit points (splash damage within a radius of 120 units)<\/td>\n<\/tr>\n<tr class=\"row-5\">\n\t<td class=\"column-1\">Fire rate<\/td><td class=\"column-2\">75 rounds per minute<\/td>\n<\/tr>\n<tr class=\"row-6\">\n\t<td class=\"column-1\">Muzzle velocity<\/td><td class=\"column-2\">1000 units per second<\/td>\n<\/tr>\n<tr class=\"row-7\">\n\t<td class=\"column-1\">Maximum range<\/td><td class=\"column-2\">15000 units<\/td>\n<\/tr>\n<tr class=\"row-8\">\n\t<td class=\"column-1\">Ammunition type<\/td><td class=\"column-2\">red ammunition bottle<\/td>\n<\/tr>\n<tr class=\"row-9\">\n\t<td class=\"column-1\">Ammunition quantity*<\/td><td class=\"column-2\">10 shots in the clip and 10 shots per bottle<\/td>\n<\/tr>\n<tr class=\"row-10\">\n\t<td class=\"column-1\">Maximum portable ammunition<\/td><td class=\"column-2\">200 shots<\/td>\n<\/tr>\n<\/tbody>\n<\/table>\n<!-- #tablepress-1911 from cache -->\n<h2>Psychic Pads Monster-Tipps<\/h2>\n<p>Sei gewarnt, dieses &#8220;M\u00e4dchen&#8221; ist hei\u00dfer als alle anderen auf zwei Beinen, daher findest Du hier ist paar Information dar\u00fcber, wie Du diese Hitze z\u00e4hmst und sie zu Deinem Vorteil nutzt:<\/p>\n<ul>\n<li>Diese Waffe hat enormen Spritzschaden, also warum nicht einfach in Richtung der F\u00fc\u00dfe des Gegners zielen, wenn er sich in mittlerer Reichweite befindet, um ihn umzuhauen!<\/li>\n<li>Direkte Treffer von der Betty sind wirklich sch\u00e4dlich.<\/li>\n<li>Sie ist auf gro\u00dfe Distanz nicht so gut einsetzbar, kann aber bei ausreichender \u00dcbung auch daf\u00fcr verwendet werden.<\/li>\n<li>Wenn ein Gegner den <a href=\"https:\/\/worldofpadman.net\/about\/powerups\/floater\/\">Floater<\/a> benutzt, gib auf und versuche es mit einer anderen Waffe, wie der <a href=\"https:\/\/worldofpadman.net\/about\/weapons\/splasher\/\">Splasher<\/a>. Die langsame Geschwindigkeit der Betty bedeutet, dass Du ihn nie treffen wirst, es sei denn, er kommt direkt auf Dich zu.<\/li>\n<li>Achte darauf, dass Du Dich nicht an nahen Gegnern oder Objekten verbrennst.<\/li>\n<li>Sie ist gut, um damit auf <a href=\"https:\/\/worldofpadman.net\/about\/powerups\/health-station\/\">Health-Stationen<\/a> zu schie\u00dfen, die gerade benutzt werden.<\/li>\n<li>In Kombination mit einem <a href=\"https:\/\/worldofpadman.net\/about\/powerups\/jumper\/\">Jumper<\/a> kannst du Feuerb\u00e4lle auf Deinen Gegner regnen lassen!<\/li>\n<li>Benutze einen Betty-Sprung nur in ausweglosen Situationen oder wenn Du schnell auf h\u00f6here Ebenen kommen musst. In Verbindung mit dem <a href=\"https:\/\/worldofpadman.net\/about\/powerups\/padpower\/\">PadPower<\/a> kannst Du solche Spr\u00fcnge ausf\u00fchren, ohne selbst Schaden dabei zu nehmen.<\/li>\n<\/ul>\n<p>The Boom-Boom Betty, or Betty for short, makes room in the arena with her fat fireballs. It is important here that the fireballs are not very fast on their way and therefore its use is rather recommended on medium distances. On short distances it should be taken into account that the player can also do himself a lot of damage.<\/p>\n<h2>Picture gallery<\/h2>\n<div data-carousel-extra='{\"blog_id\":1,\"permalink\":\"https:\\\/\\\/worldofpadman.net\\\/en\\\/about\\\/weapons\\\/betty\\\/\"}' class=\"tiled-gallery type-rectangular\" data-original-width=\"500\"><div class=\"gallery-row\" style=\"width: 495px; height: 368px;\"><div class=\"gallery-group images-1\" style=\"width: 495px; height: 372px;\"><div class=\"tiled-gallery-item tiled-gallery-item-large\"><a href=\"https:\/\/worldofpadman.net\/wp-content\/uploads\/items_bettytitle.jpg\"><img loading=\"lazy\" decoding=\"async\" data-attachment-id=\"9295\" data-orig-file=\"https:\/\/worldofpadman.net\/wp-content\/uploads\/items_bettytitle.jpg\" data-orig-size=\"1280,960\" data-comments-opened=\"0\" data-image-meta=\"{&quot;aperture&quot;:&quot;0&quot;,&quot;credit&quot;:&quot;&quot;,&quot;camera&quot;:&quot;&quot;,&quot;caption&quot;:&quot;&quot;,&quot;created_timestamp&quot;:&quot;0&quot;,&quot;copyright&quot;:&quot;&quot;,&quot;focal_length&quot;:&quot;0&quot;,&quot;iso&quot;:&quot;0&quot;,&quot;shutter_speed&quot;:&quot;0&quot;,&quot;title&quot;:&quot;&quot;,&quot;orientation&quot;:&quot;0&quot;}\" data-image-title=\"Boom-Boom Betty\" data-image-description=\"\" data-medium-file=\"https:\/\/worldofpadman.net\/wp-content\/uploads\/items_bettytitle-326x245.jpg\" data-large-file=\"https:\/\/worldofpadman.net\/wp-content\/uploads\/items_bettytitle-676x507.jpg\" src=\"https:\/\/worldofpadman.net\/wp-content\/uploads\/items_bettytitle-491x368.jpg\" width=\"491\" height=\"368\" align=\"left\" title=\"Boom-Boom Betty\" \/><\/a><\/div><\/div><\/div><\/div>\n<p>&nbsp;<\/p>\n<h2>Specifications<\/h2>\n<span id=\"tablepress-1911-no-2-description\" class=\"tablepress-table-description tablepress-table-description-id-1911\">(*Default values may vary by map.)<\/span>\n\n<table id=\"tablepress-1911-no-2\" class=\"tablepress tablepress-id-1911\" aria-describedby=\"tablepress-1911-no-2-description\">\n<thead>\n<tr class=\"row-1\">\n\t<th class=\"column-1\">Name<\/th><th class=\"column-2\">Value \/ Description<\/th>\n<\/tr>\n<\/thead>\n<tbody class=\"row-striping row-hover\">\n<tr class=\"row-2\">\n\t<td class=\"column-1\">Field of application<\/td><td class=\"column-2\">medium range<\/td>\n<\/tr>\n<tr class=\"row-3\">\n\t<td class=\"column-1\">Fire mode<\/td><td class=\"column-2\">single<\/td>\n<\/tr>\n<tr class=\"row-4\">\n\t<td class=\"column-1\">Hit damage<\/td><td class=\"column-2\">100 hit points (direct damage) plus up to 100 hit points (splash damage within a radius of 120 units)<\/td>\n<\/tr>\n<tr class=\"row-5\">\n\t<td class=\"column-1\">Fire rate<\/td><td class=\"column-2\">75 rounds per minute<\/td>\n<\/tr>\n<tr class=\"row-6\">\n\t<td class=\"column-1\">Muzzle velocity<\/td><td class=\"column-2\">1000 units per second<\/td>\n<\/tr>\n<tr class=\"row-7\">\n\t<td class=\"column-1\">Maximum range<\/td><td class=\"column-2\">15000 units<\/td>\n<\/tr>\n<tr class=\"row-8\">\n\t<td class=\"column-1\">Ammunition type<\/td><td class=\"column-2\">red ammunition bottle<\/td>\n<\/tr>\n<tr class=\"row-9\">\n\t<td class=\"column-1\">Ammunition quantity*<\/td><td class=\"column-2\">10 shots in the clip and 10 shots per bottle<\/td>\n<\/tr>\n<tr class=\"row-10\">\n\t<td class=\"column-1\">Maximum portable ammunition<\/td><td class=\"column-2\">200 shots<\/td>\n<\/tr>\n<\/tbody>\n<\/table>\n\n<h2>Psychic Pad&#8217;s Monster Tips<\/h2>\n<p>Be warned, this &#8220;girl&#8221; is hotter than any on two legs, so here is a bit of info on how to tame such heat and use it to your advantage:<\/p>\n<ul>\n<li>This weapon has huge splash damage, so why not aim near an opponents feet if he is mid-range to take them off their feet!<\/li>\n<li>Direct hits from the Betty are truly damaging.<\/li>\n<li>It is not so good for long range, but can be used if practised enough.<\/li>\n<li>If a opponent is using <a href=\"https:\/\/worldofpadman.net\/about\/powerups\/floater\/\">Floater<\/a>, give up and try a different weapon such as the <a href=\"https:\/\/worldofpadman.net\/about\/weapons\/splasher\/\">Splasher<\/a>. The slow Betty speed means, unless he is going towards you, you will never hit him.<\/li>\n<li>Be careful not to fry yourself on close opponents or objects.<\/li>\n<li>It is good at firing at <a href=\"https:\/\/worldofpadman.net\/about\/powerups\/health-station\/\">Health Stations<\/a> in use.<\/li>\n<li>In combination with a <a href=\"https:\/\/worldofpadman.net\/about\/powerups\/jumper\/\">Jumper<\/a> you can rain fireballs on your opponent!<\/li>\n<li>Only use a Betty jump in desperate situations or when you need to get to higher ground quickly. Paired with the <a href=\"https:\/\/worldofpadman.net\/about\/powerups\/padpower\/\">PadPower<\/a>, you can perform those jumps without taking self damage.<\/li>\n<\/ul>\n<p><\/p>","protected":false},"excerpt":{"rendered":"<p>The Boom-Boom Betty, or Betty for short, makes room in the arena with her fat fireballs. It is important here that the fireballs are not very fast on their way and therefore its use is rather recommended on medium distances. On short distances it should be taken into account that the player can also do [&hellip;]<\/p>\n","protected":false},"author":2,"featured_media":9295,"parent":1273,"menu_order":0,"comment_status":"closed","ping_status":"closed","template":"template-full.php","meta":{"footnotes":""},"class_list":["post-1911","page","type-page","status-publish","has-post-thumbnail","hentry"],"_links":{"self":[{"href":"https:\/\/worldofpadman.net\/en\/wp-json\/wp\/v2\/pages\/1911","targetHints":{"allow":["GET"]}}],"collection":[{"href":"https:\/\/worldofpadman.net\/en\/wp-json\/wp\/v2\/pages"}],"about":[{"href":"https:\/\/worldofpadman.net\/en\/wp-json\/wp\/v2\/types\/page"}],"author":[{"embeddable":true,"href":"https:\/\/worldofpadman.net\/en\/wp-json\/wp\/v2\/users\/2"}],"replies":[{"embeddable":true,"href":"https:\/\/worldofpadman.net\/en\/wp-json\/wp\/v2\/comments?post=1911"}],"version-history":[{"count":7,"href":"https:\/\/worldofpadman.net\/en\/wp-json\/wp\/v2\/pages\/1911\/revisions"}],"predecessor-version":[{"id":9296,"href":"https:\/\/worldofpadman.net\/en\/wp-json\/wp\/v2\/pages\/1911\/revisions\/9296"}],"up":[{"embeddable":true,"href":"https:\/\/worldofpadman.net\/en\/wp-json\/wp\/v2\/pages\/1273"}],"wp:featuredmedia":[{"embeddable":true,"href":"https:\/\/worldofpadman.net\/en\/wp-json\/wp\/v2\/media\/9295"}],"wp:attachment":[{"href":"https:\/\/worldofpadman.net\/en\/wp-json\/wp\/v2\/media?parent=1911"}],"curies":[{"name":"wp","href":"https:\/\/api.w.org\/{rel}","templated":true}]}}