{"id":1914,"date":"2017-01-12T10:26:22","date_gmt":"2017-01-12T09:26:22","guid":{"rendered":"https:\/\/worldofpadman.net\/?page_id=1914"},"modified":"2021-09-09T14:41:37","modified_gmt":"2021-09-09T12:41:37","slug":"boaster","status":"publish","type":"page","link":"https:\/\/worldofpadman.net\/en\/about\/weapons\/boaster\/","title":{"rendered":"Boaster"},"content":{"rendered":"<p>Default values may vary by map.)<\/span>\n\n<table id=\"tablepress-1914\" class=\"tablepress tablepress-id-1914\" aria-describedby=\"tablepress-1914-description\">\n<thead>\n<tr class=\"row-1\">\n\t<th class=\"column-1\">Name<\/th><th class=\"column-2\">Value \/ Description<\/th>\n<\/tr>\n<\/thead>\n<tbody class=\"row-striping row-hover\">\n<tr class=\"row-2\">\n\t<td class=\"column-1\">Field of application<\/td><td class=\"column-2\">close to medium range<\/td>\n<\/tr>\n<tr class=\"row-3\">\n\t<td class=\"column-1\">Fire mode<\/td><td class=\"column-2\">automatic<\/td>\n<\/tr>\n<tr class=\"row-4\">\n\t<td class=\"column-1\">Hit damage<\/td><td class=\"column-2\">3 hit points (direct damage) plus 3 hit points every 0.3 seconds for a total of 1 second (subsequent damage)<\/td>\n<\/tr>\n<tr class=\"row-5\">\n\t<td class=\"column-1\">Fire rate<\/td><td class=\"column-2\">1200 rounds per minute<\/td>\n<\/tr>\n<tr class=\"row-6\">\n\t<td class=\"column-1\">Muzzle velocity<\/td><td class=\"column-2\">1250 units per second<\/td>\n<\/tr>\n<tr class=\"row-7\">\n\t<td class=\"column-1\">Maximum range<\/td><td class=\"column-2\">1875 units<\/td>\n<\/tr>\n<tr class=\"row-8\">\n\t<td class=\"column-1\">Ammunition type<\/td><td class=\"column-2\">blue ammunition bottle<\/td>\n<\/tr>\n<tr class=\"row-9\">\n\t<td class=\"column-1\">Ammunition quantity*<\/td><td class=\"column-2\">100 shots in the clip and 60 shots per bottle<\/td>\n<\/tr>\n<tr class=\"row-10\">\n\t<td class=\"column-1\">Maximum portable ammunition<\/td><td class=\"column-2\">200 shots<\/td>\n<\/tr>\n<\/tbody>\n<\/table>\n<!-- #tablepress-1914 from cache -->\n<h2>Psychic Pads Monster-Tipps<\/h2>\n<p>Einige Leute sagen, dass diese Waffe schwach und schwer zu benutzen ist, aber f\u00fcr andere ist diese Waffe gut darin, die Gesundheit eines Gegners schnell zu reduzieren. Hier steht, wie man es macht:<\/p>\n<ul>\n<li>Anstatt in einer geraden Linie auf Deinen Feind zu schie\u00dfen, solltest Du es im Zickzack machen. Auf diese Weise wirst Du mehr Schaden anrichten.<\/li>\n<li>Wenn Du von der Landeposition aus auf ein Jumppad schaust, dann kannst Du die Flugroute mit dem Strahl abdecken und wer gerade hoch kommt, wird fallen, sobald er oben ist.<\/li>\n<li>Sie ist hervorragend geeignet, einem Gegner, der mit der <a href=\"https:\/\/worldofpadman.net\/about\/powerups\/padpower\/\">PadPower<\/a> ausgestattet ist, viel Schaden zuzuf\u00fcgen.<\/li>\n<li>Sie ist hervorragend geeignet, um l\u00e4stige Benutzer der <a href=\"https:\/\/worldofpadman.net\/about\/weapons\/punchy\/\">Punchy<\/a> auf ihrem Weg zu stoppen.<\/li>\n<li>Sie ist mehr oder weniger die einzige Waffe, die Puppet-Mastern Schaden zuf\u00fcgt.<\/li>\n<li>Du kannst sie zur Geschwindigkeitssteigerung einsetzen, da sie eine rutschige Oberfl\u00e4che erzeugt,\u00a0 wenn Du damit direkt auf den Boden vor Dir schie\u00dft und Dir somit den Vorteil verschafft, Deine Geschwindigkeit zu erh\u00f6hen, ohne springen zu m\u00fcssen, vorausgesetzt, Du wei\u00dft, wie man einen Strafe-Sprung durchf\u00fchrt.<\/li>\n<\/ul>\n<p>The Boaster is a really great weapon and very effective on close to medium range. With its water jet, which bends under gravity, it does a lot of damage. In addition, everything that hits the Boaster gets damn slippery, so that enemies almost become unable to maneuver and thus become easy target. If an opponent is wetted properly, he will continue to receive damage for a certain amount of time, even if he is no longer within range. The ammo indicator should always be observed, as the boaster is quite hungry for ammo.<\/p>\n<h2>Picture gallery<\/h2>\n<div data-carousel-extra='{\"blog_id\":1,\"permalink\":\"https:\\\/\\\/worldofpadman.net\\\/en\\\/about\\\/weapons\\\/boaster\\\/\"}' class=\"tiled-gallery type-rectangular\" data-original-width=\"500\"><div class=\"gallery-row\" style=\"width: 495px; height: 368px;\"><div class=\"gallery-group images-1\" style=\"width: 495px; height: 372px;\"><div class=\"tiled-gallery-item tiled-gallery-item-large\"><a href=\"https:\/\/worldofpadman.net\/wp-content\/uploads\/items_boastertitle.jpg\"><img loading=\"lazy\" decoding=\"async\" data-attachment-id=\"9256\" data-orig-file=\"https:\/\/worldofpadman.net\/wp-content\/uploads\/items_boastertitle.jpg\" data-orig-size=\"1280,960\" data-comments-opened=\"0\" data-image-meta=\"{&quot;aperture&quot;:&quot;0&quot;,&quot;credit&quot;:&quot;&quot;,&quot;camera&quot;:&quot;&quot;,&quot;caption&quot;:&quot;&quot;,&quot;created_timestamp&quot;:&quot;0&quot;,&quot;copyright&quot;:&quot;&quot;,&quot;focal_length&quot;:&quot;0&quot;,&quot;iso&quot;:&quot;0&quot;,&quot;shutter_speed&quot;:&quot;0&quot;,&quot;title&quot;:&quot;&quot;,&quot;orientation&quot;:&quot;0&quot;}\" data-image-title=\"Boaster\" data-image-description=\"\" data-medium-file=\"https:\/\/worldofpadman.net\/wp-content\/uploads\/items_boastertitle-326x245.jpg\" data-large-file=\"https:\/\/worldofpadman.net\/wp-content\/uploads\/items_boastertitle-676x507.jpg\" src=\"https:\/\/worldofpadman.net\/wp-content\/uploads\/items_boastertitle-491x368.jpg\" width=\"491\" height=\"368\" align=\"left\" title=\"Boaster\" \/><\/a><\/div><\/div><\/div><\/div>\n<p>&nbsp;<\/p>\n<h2>Specifications<\/h2>\n<span id=\"tablepress-1914-no-2-description\" class=\"tablepress-table-description tablepress-table-description-id-1914\">(*Default values may vary by map.)<\/span>\n\n<table id=\"tablepress-1914-no-2\" class=\"tablepress tablepress-id-1914\" aria-describedby=\"tablepress-1914-no-2-description\">\n<thead>\n<tr class=\"row-1\">\n\t<th class=\"column-1\">Name<\/th><th class=\"column-2\">Value \/ Description<\/th>\n<\/tr>\n<\/thead>\n<tbody class=\"row-striping row-hover\">\n<tr class=\"row-2\">\n\t<td class=\"column-1\">Field of application<\/td><td class=\"column-2\">close to medium range<\/td>\n<\/tr>\n<tr class=\"row-3\">\n\t<td class=\"column-1\">Fire mode<\/td><td class=\"column-2\">automatic<\/td>\n<\/tr>\n<tr class=\"row-4\">\n\t<td class=\"column-1\">Hit damage<\/td><td class=\"column-2\">3 hit points (direct damage) plus 3 hit points every 0.3 seconds for a total of 1 second (subsequent damage)<\/td>\n<\/tr>\n<tr class=\"row-5\">\n\t<td class=\"column-1\">Fire rate<\/td><td class=\"column-2\">1200 rounds per minute<\/td>\n<\/tr>\n<tr class=\"row-6\">\n\t<td class=\"column-1\">Muzzle velocity<\/td><td class=\"column-2\">1250 units per second<\/td>\n<\/tr>\n<tr class=\"row-7\">\n\t<td class=\"column-1\">Maximum range<\/td><td class=\"column-2\">1875 units<\/td>\n<\/tr>\n<tr class=\"row-8\">\n\t<td class=\"column-1\">Ammunition type<\/td><td class=\"column-2\">blue ammunition bottle<\/td>\n<\/tr>\n<tr class=\"row-9\">\n\t<td class=\"column-1\">Ammunition quantity*<\/td><td class=\"column-2\">100 shots in the clip and 60 shots per bottle<\/td>\n<\/tr>\n<tr class=\"row-10\">\n\t<td class=\"column-1\">Maximum portable ammunition<\/td><td class=\"column-2\">200 shots<\/td>\n<\/tr>\n<\/tbody>\n<\/table>\n\n<h2>Psychic Pad&#8217;s Monster Tips<\/h2>\n<p>Some people say this weapon is weak and hard to use but for some this weapon is good at draining the health of an opponent quickly, here is how to:<\/p>\n<ul>\n<li>Instead of firing in a straight line at your enemy, zigzag it, and you will do more damage this way.<\/li>\n<li>If you look down on a jump pad from its landing location then you can cover the flight path with the stream, and whoever comes up will drop just as they hit the top.<\/li>\n<li>It is excellent at doing a lot of damage to an opponent equipped with the <a href=\"https:\/\/worldofpadman.net\/about\/powerups\/padpower\/\">PadPower<\/a>.<\/li>\n<li>It is excellent at stopping pesky <a href=\"https:\/\/worldofpadman.net\/about\/weapons\/punchy\/\">Punchy<\/a> users in their tracks.<\/li>\n<li>It is more or less the only weapon to deal damage to Puppet Masters.<\/li>\n<li>You can use it for speed boosting as it can create a slippery surface if fired towards the ground, giving you an advantage to boost speed without jumping, provided if you know how to strafe jump.<\/li>\n<\/ul>\n<p><\/p>","protected":false},"excerpt":{"rendered":"<p>The Boaster is a really great weapon and very effective on close to medium range. With its water jet, which bends under gravity, it does a lot of damage. In addition, everything that hits the Boaster gets damn slippery, so that enemies almost become unable to maneuver and thus become easy target. If an opponent [&hellip;]<\/p>\n","protected":false},"author":2,"featured_media":9256,"parent":1273,"menu_order":0,"comment_status":"closed","ping_status":"closed","template":"template-full.php","meta":{"footnotes":""},"class_list":["post-1914","page","type-page","status-publish","has-post-thumbnail","hentry"],"_links":{"self":[{"href":"https:\/\/worldofpadman.net\/en\/wp-json\/wp\/v2\/pages\/1914","targetHints":{"allow":["GET"]}}],"collection":[{"href":"https:\/\/worldofpadman.net\/en\/wp-json\/wp\/v2\/pages"}],"about":[{"href":"https:\/\/worldofpadman.net\/en\/wp-json\/wp\/v2\/types\/page"}],"author":[{"embeddable":true,"href":"https:\/\/worldofpadman.net\/en\/wp-json\/wp\/v2\/users\/2"}],"replies":[{"embeddable":true,"href":"https:\/\/worldofpadman.net\/en\/wp-json\/wp\/v2\/comments?post=1914"}],"version-history":[{"count":10,"href":"https:\/\/worldofpadman.net\/en\/wp-json\/wp\/v2\/pages\/1914\/revisions"}],"predecessor-version":[{"id":9258,"href":"https:\/\/worldofpadman.net\/en\/wp-json\/wp\/v2\/pages\/1914\/revisions\/9258"}],"up":[{"embeddable":true,"href":"https:\/\/worldofpadman.net\/en\/wp-json\/wp\/v2\/pages\/1273"}],"wp:featuredmedia":[{"embeddable":true,"href":"https:\/\/worldofpadman.net\/en\/wp-json\/wp\/v2\/media\/9256"}],"wp:attachment":[{"href":"https:\/\/worldofpadman.net\/en\/wp-json\/wp\/v2\/media?parent=1914"}],"curies":[{"name":"wp","href":"https:\/\/api.w.org\/{rel}","templated":true}]}}