{"id":1920,"date":"2017-01-12T10:32:09","date_gmt":"2017-01-12T09:32:09","guid":{"rendered":"https:\/\/worldofpadman.net\/?page_id=1920"},"modified":"2021-09-09T14:41:37","modified_gmt":"2021-09-09T12:41:37","slug":"bubble-g","status":"publish","type":"page","link":"https:\/\/worldofpadman.net\/en\/about\/weapons\/bubble-g\/","title":{"rendered":"Bubble G."},"content":{"rendered":"<p>Default values may vary by map.)<\/span>\n\n<table id=\"tablepress-1920\" class=\"tablepress tablepress-id-1920\" aria-describedby=\"tablepress-1920-description\">\n<thead>\n<tr class=\"row-1\">\n\t<th class=\"column-1\">Name<\/th><th class=\"column-2\">Value \/ Description<\/th>\n<\/tr>\n<\/thead>\n<tbody class=\"row-striping row-hover\">\n<tr class=\"row-2\">\n\t<td class=\"column-1\">Field of application<\/td><td class=\"column-2\">medium range<\/td>\n<\/tr>\n<tr class=\"row-3\">\n\t<td class=\"column-1\">Fire mode<\/td><td class=\"column-2\">automatic<\/td>\n<\/tr>\n<tr class=\"row-4\">\n\t<td class=\"column-1\">Hit damage<\/td><td class=\"column-2\">20 hit points<\/td>\n<\/tr>\n<tr class=\"row-5\">\n\t<td class=\"column-1\">Fire rate<\/td><td class=\"column-2\">600 rounds per minute<\/td>\n<\/tr>\n<tr class=\"row-6\">\n\t<td class=\"column-1\">Muzzle velocity<\/td><td class=\"column-2\">1800 units per second<\/td>\n<\/tr>\n<tr class=\"row-7\">\n\t<td class=\"column-1\">Maximum range<\/td><td class=\"column-2\">18000 units<\/td>\n<\/tr>\n<tr class=\"row-8\">\n\t<td class=\"column-1\">Ammunition type<\/td><td class=\"column-2\">aqua ammunition bottle<\/td>\n<\/tr>\n<tr class=\"row-9\">\n\t<td class=\"column-1\">Ammunition quantity*<\/td><td class=\"column-2\">50 shots in the clip and 40 shots per bottle<\/td>\n<\/tr>\n<tr class=\"row-10\">\n\t<td class=\"column-1\">Maximum portable ammunition<\/td><td class=\"column-2\">200 shots<\/td>\n<\/tr>\n<\/tbody>\n<\/table>\n<!-- #tablepress-1920 from cache -->\n<h2>Psychic Pads Monster-Tipps<\/h2>\n<ul>\n<li>Die hohe Schussrate der Bubble G. macht sie hervorragend einsetzbar f\u00fcr mittlere Reichweiten. Bist Du zu weit weg, kann Dein Gegner leicht ausweichen, bist Du zu nah dran, ist das Zielen schwierig.<\/li>\n<li>Die Munition der Bubble G. wirst du schnell aufbrauchen, stelle daher stets sicher, dass Du eine Ersatzwaffe dabei hast.<\/li>\n<li>Sie ist am besten, wenn es darum geht, Deinen Gegner festzunageln oder Eing\u00e4nge auf einer Map\u00a0 abzudecken. Du kannst mit Leichtigkeit einen schmalen Flur damit eindecken, falls ein Gegner auf dich zukommt.<\/li>\n<li>Wenn Du gegen jemanden mit der Bubble G. k\u00e4mpfst, versuche mit der <a href=\"https:\/\/worldofpadman.net\/about\/weapons\/pumper\/\">Pumper<\/a> in die N\u00e4he zu kommen. Alternativ kannst du versuchen, Dich zur\u00fcckzuziehen und mit einem <a href=\"https:\/\/worldofpadman.net\/about\/weapons\/boaster\/\">Boaster<\/a> oder <a href=\"https:\/\/worldofpadman.net\/about\/weapons\/splasher\/\">Splasher<\/a> erneut anzusetzen. Was auch immer Du tust, achte darauf, dass Du nicht zwischen Fern- und Nahbereich verbleibst. Vermeide auch enge G\u00e4nge, in denen Dein Gegner einen gro\u00dfen Vorteil Dir gegen\u00fcber hat.<\/li>\n<li>Da es schwierig ist, einen Feind zu treffen, neigen die Spieler dazu, diese Waffe f\u00fcr so etwas wie die <a href=\"https:\/\/worldofpadman.net\/about\/weapons\/betty\/\">Betty<\/a> links liegen zu lassen. Wenn die Bubble G. jedoch alles ist, was du hast, feuere ungleichm\u00e4\u00dfig in die N\u00e4he deines Gegners, um seine Gesundheit etwas zu reduzieren.<\/li>\n<\/ul>\n<p>Now it&#8217;s getting really colorful! The Bubble G. (stands for Bubble Gum) shoots small, differently coloured balls in quick succession, which can be quite a challenge. It can also be used creatively to color the whole map. Due to the high fire rate and the projectile speed, the Bubble G. is very well suited for medium ranges.<\/p>\n<h2>Picture gallery<\/h2>\n<div data-carousel-extra='{\"blog_id\":1,\"permalink\":\"https:\\\/\\\/worldofpadman.net\\\/en\\\/about\\\/weapons\\\/bubble-g\\\/\"}' class=\"tiled-gallery type-rectangular\" data-original-width=\"500\"><div class=\"gallery-row\" style=\"width: 495px; height: 368px;\"><div class=\"gallery-group images-1\" style=\"width: 495px; height: 372px;\"><div class=\"tiled-gallery-item tiled-gallery-item-large\"><a href=\"https:\/\/worldofpadman.net\/wp-content\/uploads\/items_bubblegtitle.jpg\"><img loading=\"lazy\" decoding=\"async\" data-attachment-id=\"9264\" data-orig-file=\"https:\/\/worldofpadman.net\/wp-content\/uploads\/items_bubblegtitle.jpg\" data-orig-size=\"1280,960\" data-comments-opened=\"0\" data-image-meta=\"{&quot;aperture&quot;:&quot;0&quot;,&quot;credit&quot;:&quot;&quot;,&quot;camera&quot;:&quot;&quot;,&quot;caption&quot;:&quot;&quot;,&quot;created_timestamp&quot;:&quot;0&quot;,&quot;copyright&quot;:&quot;&quot;,&quot;focal_length&quot;:&quot;0&quot;,&quot;iso&quot;:&quot;0&quot;,&quot;shutter_speed&quot;:&quot;0&quot;,&quot;title&quot;:&quot;&quot;,&quot;orientation&quot;:&quot;0&quot;}\" data-image-title=\"Bubble G.\" data-image-description=\"\" data-medium-file=\"https:\/\/worldofpadman.net\/wp-content\/uploads\/items_bubblegtitle-326x245.jpg\" data-large-file=\"https:\/\/worldofpadman.net\/wp-content\/uploads\/items_bubblegtitle-676x507.jpg\" src=\"https:\/\/worldofpadman.net\/wp-content\/uploads\/items_bubblegtitle-491x368.jpg\" width=\"491\" height=\"368\" align=\"left\" title=\"Bubble G.\" \/><\/a><\/div><\/div><\/div><\/div>\n<p>&nbsp;<\/p>\n<h2>Specifications<\/h2>\n<span id=\"tablepress-1920-no-2-description\" class=\"tablepress-table-description tablepress-table-description-id-1920\">(*Default values may vary by map.)<\/span>\n\n<table id=\"tablepress-1920-no-2\" class=\"tablepress tablepress-id-1920\" aria-describedby=\"tablepress-1920-no-2-description\">\n<thead>\n<tr class=\"row-1\">\n\t<th class=\"column-1\">Name<\/th><th class=\"column-2\">Value \/ Description<\/th>\n<\/tr>\n<\/thead>\n<tbody class=\"row-striping row-hover\">\n<tr class=\"row-2\">\n\t<td class=\"column-1\">Field of application<\/td><td class=\"column-2\">medium range<\/td>\n<\/tr>\n<tr class=\"row-3\">\n\t<td class=\"column-1\">Fire mode<\/td><td class=\"column-2\">automatic<\/td>\n<\/tr>\n<tr class=\"row-4\">\n\t<td class=\"column-1\">Hit damage<\/td><td class=\"column-2\">20 hit points<\/td>\n<\/tr>\n<tr class=\"row-5\">\n\t<td class=\"column-1\">Fire rate<\/td><td class=\"column-2\">600 rounds per minute<\/td>\n<\/tr>\n<tr class=\"row-6\">\n\t<td class=\"column-1\">Muzzle velocity<\/td><td class=\"column-2\">1800 units per second<\/td>\n<\/tr>\n<tr class=\"row-7\">\n\t<td class=\"column-1\">Maximum range<\/td><td class=\"column-2\">18000 units<\/td>\n<\/tr>\n<tr class=\"row-8\">\n\t<td class=\"column-1\">Ammunition type<\/td><td class=\"column-2\">aqua ammunition bottle<\/td>\n<\/tr>\n<tr class=\"row-9\">\n\t<td class=\"column-1\">Ammunition quantity*<\/td><td class=\"column-2\">50 shots in the clip and 40 shots per bottle<\/td>\n<\/tr>\n<tr class=\"row-10\">\n\t<td class=\"column-1\">Maximum portable ammunition<\/td><td class=\"column-2\">200 shots<\/td>\n<\/tr>\n<\/tbody>\n<\/table>\n<!-- #tablepress-1920-no-2 from cache -->\n<h2>Psychic Pad&#8217;s Monster Tips<\/h2>\n<ul>\n<li class=\"content-box news-text\">The Bubble G.&#8217;s tight firing rate makes it excellent at medium range. Any further, and it becomes easy to dodge. Any closer, and it becomes hard to track your opponent effectively.<\/li>\n<li class=\"content-box news-text\">Your ammo depletes quickly, due to the short ammo supply and high ammo consumption rate. Always make sure you have a backup weapon in case the Bubble G. runs out.<\/li>\n<li class=\"content-box news-text\">Bubble G. is the best when it comes to pinning down an opponent or covering entrance points. It can pressure fire a narrow hallway with ease and in case an opponent runs towards you.<\/li>\n<li class=\"content-box news-text\">When fighting someone with the Bubble G., try to get in close with a <a href=\"https:\/\/worldofpadman.net\/about\/weapons\/pumper\/\">Pumper<\/a>. Alternatively, you can try to back off and retaliate with a <a href=\"https:\/\/worldofpadman.net\/about\/weapons\/boaster\/\">Boaster<\/a> or a <a href=\"https:\/\/worldofpadman.net\/about\/weapons\/splasher\/\">Splasher<\/a>. Whatever you do, make sure you do not stay in between long and close range. Also avoid narrow corridors, where your opponent has a huge advantage over you.<\/li>\n<li class=\"content-box news-text\">Due to the fact that it is difficult to hit an enemy, players tend to ignore this weapon for something like a <a href=\"https:\/\/worldofpadman.net\/about\/weapons\/betty\/\">Betty<\/a>. If this is all you have, fire erratically near your target to get some of the health down.<\/li>\n<\/ul>\n<p><\/p>","protected":false},"excerpt":{"rendered":"<p>Now it&#8217;s getting really colorful! The Bubble G. (stands for Bubble Gum) shoots small, differently coloured balls in quick succession, which can be quite a challenge. It can also be used creatively to color the whole map. Due to the high fire rate and the projectile speed, the Bubble G. is very well suited for [&hellip;]<\/p>\n","protected":false},"author":2,"featured_media":9264,"parent":1273,"menu_order":0,"comment_status":"closed","ping_status":"closed","template":"template-full.php","meta":{"footnotes":""},"class_list":["post-1920","page","type-page","status-publish","has-post-thumbnail","hentry"],"_links":{"self":[{"href":"https:\/\/worldofpadman.net\/en\/wp-json\/wp\/v2\/pages\/1920","targetHints":{"allow":["GET"]}}],"collection":[{"href":"https:\/\/worldofpadman.net\/en\/wp-json\/wp\/v2\/pages"}],"about":[{"href":"https:\/\/worldofpadman.net\/en\/wp-json\/wp\/v2\/types\/page"}],"author":[{"embeddable":true,"href":"https:\/\/worldofpadman.net\/en\/wp-json\/wp\/v2\/users\/2"}],"replies":[{"embeddable":true,"href":"https:\/\/worldofpadman.net\/en\/wp-json\/wp\/v2\/comments?post=1920"}],"version-history":[{"count":10,"href":"https:\/\/worldofpadman.net\/en\/wp-json\/wp\/v2\/pages\/1920\/revisions"}],"predecessor-version":[{"id":9266,"href":"https:\/\/worldofpadman.net\/en\/wp-json\/wp\/v2\/pages\/1920\/revisions\/9266"}],"up":[{"embeddable":true,"href":"https:\/\/worldofpadman.net\/en\/wp-json\/wp\/v2\/pages\/1273"}],"wp:featuredmedia":[{"embeddable":true,"href":"https:\/\/worldofpadman.net\/en\/wp-json\/wp\/v2\/media\/9264"}],"wp:attachment":[{"href":"https:\/\/worldofpadman.net\/en\/wp-json\/wp\/v2\/media?parent=1920"}],"curies":[{"name":"wp","href":"https:\/\/api.w.org\/{rel}","templated":true}]}}