{"id":1925,"date":"2017-01-12T10:34:33","date_gmt":"2017-01-12T09:34:33","guid":{"rendered":"https:\/\/worldofpadman.net\/?page_id=1925"},"modified":"2021-09-09T14:41:37","modified_gmt":"2021-09-09T12:41:37","slug":"imperius","status":"publish","type":"page","link":"https:\/\/worldofpadman.net\/en\/about\/weapons\/imperius\/","title":{"rendered":"Imperius"},"content":{"rendered":"<p>Default values may vary by map.)<\/span>\n\n<table id=\"tablepress-1925\" class=\"tablepress tablepress-id-1925\" aria-describedby=\"tablepress-1925-description\">\n<thead>\n<tr class=\"row-1\">\n\t<th class=\"column-1\">Name<\/th><th class=\"column-2\">Value \/ Description<\/th>\n<\/tr>\n<\/thead>\n<tbody class=\"row-striping row-hover\">\n<tr class=\"row-2\">\n\t<td class=\"column-1\">Field of application<\/td><td class=\"column-2\">long range<\/td>\n<\/tr>\n<tr class=\"row-3\">\n\t<td class=\"column-1\">Fire mode<\/td><td class=\"column-2\">single<\/td>\n<\/tr>\n<tr class=\"row-4\">\n\t<td class=\"column-1\">Hit damage<\/td><td class=\"column-2\">120 hit points (within a radius of 120 units)<\/td>\n<\/tr>\n<tr class=\"row-5\">\n\t<td class=\"column-1\">Fire rate<\/td><td class=\"column-2\">75 rounds per minute (without consideration of loading time)<\/td>\n<\/tr>\n<tr class=\"row-6\">\n\t<td class=\"column-1\">Charge time<\/td><td class=\"column-2\">1.8 seconds charging time (overcharge explosion at a total of 3 seconds)<\/td>\n<\/tr>\n<tr class=\"row-7\">\n\t<td class=\"column-1\">Muzzle velocity<\/td><td class=\"column-2\">900 units per second<\/td>\n<\/tr>\n<tr class=\"row-8\">\n\t<td class=\"column-1\">Maximum range<\/td><td class=\"column-2\">9000 units<\/td>\n<\/tr>\n<tr class=\"row-9\">\n\t<td class=\"column-1\">Ammunition type<\/td><td class=\"column-2\">purple ammunition bottle<\/td>\n<\/tr>\n<tr class=\"row-10\">\n\t<td class=\"column-1\">Ammunition quantity*<\/td><td class=\"column-2\">2 shots in the clip and 3 shots per bottle<\/td>\n<\/tr>\n<tr class=\"row-11\">\n\t<td class=\"column-1\">Maximum portable ammunition<\/td><td class=\"column-2\">2 shots<\/td>\n<\/tr>\n<\/tbody>\n<\/table>\n<!-- #tablepress-1925 from cache -->\n<h2>Psychic Pads Monster-Tipps<\/h2>\n<p>Dies ist die Waffe, von der alle in diesem Spiel tr\u00e4umen, aber es ist schwer an sie ran zukommen. Wenn Du das Gl\u00fcck hast, eine benutzen zu k\u00f6nnen, versuchen es, ohne dich selbst auf den Pluto zu schie\u00dfen, mit diesen wichtigen IMP-Tipps:<\/p>\n<ul>\n<li>Denke daran, dass diese Waffe, wenn jemand sie gerade aufgenommen hat, normalerweise erst in zwei Minuten wieder erscheinen wird. Es ist also nicht gut, dort stehen zu bleiben und darauf zu warten. Du wirst im Spiel viel zo weit zur\u00fcckfallen.<\/li>\n<li>Denke daran, dass diese Waffe aus Gr\u00fcnden der Spielbalance NICHT im Spielmodus <a href=\"https:\/\/worldofpadman.net\/about\/game-types\/big-balloon\/\">Big Balloon<\/a> (und anderen) verf\u00fcgbar ist.<\/li>\n<li>Wenn Du diese Waffe benutzt, stelle sicher, dass Du sie aus gro\u00dfer Entfernung abfeuerst.<\/li>\n<li>Wenn Du volle Schildenergie hast, kannst Du sie gegen Gegner in mittlerer Entfernung einsetzen und trotzdem \u00fcberleben.<\/li>\n<li>Halte den Button zum Aufladen nicht zu lange &#8230; oder du verlierst deine H\u00e4nde.<\/li>\n<li>Wenn diese Waffe mit der <a href=\"https:\/\/worldofpadman.net\/about\/powerups\/padpower\/\">PadPower<\/a> kombiniert wird, kannst Du Dich in eine Selbstmordbombe verwandeln und trotzdem \u00fcberleben, um danach einfach die gr\u00fcnen Farbpatrone einzusammeln.<\/li>\n<li>Die Munition f\u00fcr diese Waffe ist schwieriger in den Maps zu finden, aber wenn Deine IMP keine Munition mehr hat, lohnt es sich, nach mehr davon zu suchen.<\/li>\n<li>Es ist nicht falsch die Imperius zu benutzen, denn die lange Ladezeit und das zweimin\u00fctige Warten darauf bedeuten, dass wer auch immer sie bekommen hat, es gut gemacht hat. Also ein Lob f\u00fcr Ihn und ein Ha-ha f\u00fcr Dich. Das gef\u00e4llt Dir nicht? Hol sie Dir selbst oder lerne, dagegen vorzugehen. Es ist m\u00f6glich, also h\u00f6r auf zu jammern!<\/li>\n<\/ul>\n<p>If somewhere in the game a purple star suddenly appears, run! With its all-destructive explosion, the Imperius is simply the most powerful of all weapons. It is so dangerous that it is hard to find and does not appear in all maps and game modes, such as <a href=\"https:\/\/worldofpadman.net\/about\/game-types\/big-balloon\/\">Big Balloon<\/a>, <a href=\"https:\/\/worldofpadman.net\/about\/game-types\/last-pad-standing\/\">Last Pad Standing<\/a> and\u00a0 <a href=\"https:\/\/worldofpadman.net\/about\/game-types\/capture-the-lolly\/\">Capture The Lolly<\/a>. However, it has two major drawbacks. With only two shots in the magazine, it&#8217;s not exactly well equiped and it takes some time to recharge. If it is ready to fire, a beep sounds and the trigger should be released so that the player doesn&#8217;t atomize himself. In addition, the beast shakes like crazy when charging, which makes aiming much more difficult. The right ammo is always rare and well hidden.<\/p>\n<h2>Picture gallery<\/h2>\n<div data-carousel-extra='{\"blog_id\":1,\"permalink\":\"https:\\\/\\\/worldofpadman.net\\\/en\\\/about\\\/weapons\\\/imperius\\\/\"}' class=\"tiled-gallery type-rectangular\" data-original-width=\"500\"><div class=\"gallery-row\" style=\"width: 495px; height: 368px;\"><div class=\"gallery-group images-1\" style=\"width: 495px; height: 372px;\"><div class=\"tiled-gallery-item tiled-gallery-item-large\"><a href=\"https:\/\/worldofpadman.net\/wp-content\/uploads\/items_imperiustitle.jpg\"><img loading=\"lazy\" decoding=\"async\" data-attachment-id=\"9265\" data-orig-file=\"https:\/\/worldofpadman.net\/wp-content\/uploads\/items_imperiustitle.jpg\" data-orig-size=\"1280,960\" data-comments-opened=\"0\" data-image-meta=\"{&quot;aperture&quot;:&quot;0&quot;,&quot;credit&quot;:&quot;&quot;,&quot;camera&quot;:&quot;&quot;,&quot;caption&quot;:&quot;&quot;,&quot;created_timestamp&quot;:&quot;0&quot;,&quot;copyright&quot;:&quot;&quot;,&quot;focal_length&quot;:&quot;0&quot;,&quot;iso&quot;:&quot;0&quot;,&quot;shutter_speed&quot;:&quot;0&quot;,&quot;title&quot;:&quot;&quot;,&quot;orientation&quot;:&quot;0&quot;}\" data-image-title=\"Imperius\" data-image-description=\"\" data-medium-file=\"https:\/\/worldofpadman.net\/wp-content\/uploads\/items_imperiustitle-326x245.jpg\" data-large-file=\"https:\/\/worldofpadman.net\/wp-content\/uploads\/items_imperiustitle-676x507.jpg\" src=\"https:\/\/worldofpadman.net\/wp-content\/uploads\/items_imperiustitle-491x368.jpg\" width=\"491\" height=\"368\" align=\"left\" title=\"Imperius\" \/><\/a><\/div><\/div><\/div><\/div>\n<p>&nbsp;<\/p>\n<h2>Specifications<\/h2>\n<span id=\"tablepress-1925-no-2-description\" class=\"tablepress-table-description tablepress-table-description-id-1925\">(*Default values may vary by map.)<\/span>\n\n<table id=\"tablepress-1925-no-2\" class=\"tablepress tablepress-id-1925\" aria-describedby=\"tablepress-1925-no-2-description\">\n<thead>\n<tr class=\"row-1\">\n\t<th class=\"column-1\">Name<\/th><th class=\"column-2\">Value \/ Description<\/th>\n<\/tr>\n<\/thead>\n<tbody class=\"row-striping row-hover\">\n<tr class=\"row-2\">\n\t<td class=\"column-1\">Field of application<\/td><td class=\"column-2\">long range<\/td>\n<\/tr>\n<tr class=\"row-3\">\n\t<td class=\"column-1\">Fire mode<\/td><td class=\"column-2\">single<\/td>\n<\/tr>\n<tr class=\"row-4\">\n\t<td class=\"column-1\">Hit damage<\/td><td class=\"column-2\">120 hit points (within a radius of 120 units)<\/td>\n<\/tr>\n<tr class=\"row-5\">\n\t<td class=\"column-1\">Fire rate<\/td><td class=\"column-2\">75 rounds per minute (without consideration of loading time)<\/td>\n<\/tr>\n<tr class=\"row-6\">\n\t<td class=\"column-1\">Charge time<\/td><td class=\"column-2\">1.8 seconds charging time (overcharge explosion at a total of 3 seconds)<\/td>\n<\/tr>\n<tr class=\"row-7\">\n\t<td class=\"column-1\">Muzzle velocity<\/td><td class=\"column-2\">900 units per second<\/td>\n<\/tr>\n<tr class=\"row-8\">\n\t<td class=\"column-1\">Maximum range<\/td><td class=\"column-2\">9000 units<\/td>\n<\/tr>\n<tr class=\"row-9\">\n\t<td class=\"column-1\">Ammunition type<\/td><td class=\"column-2\">purple ammunition bottle<\/td>\n<\/tr>\n<tr class=\"row-10\">\n\t<td class=\"column-1\">Ammunition quantity*<\/td><td class=\"column-2\">2 shots in the clip and 3 shots per bottle<\/td>\n<\/tr>\n<tr class=\"row-11\">\n\t<td class=\"column-1\">Maximum portable ammunition<\/td><td class=\"column-2\">2 shots<\/td>\n<\/tr>\n<\/tbody>\n<\/table>\n\n<h2>Psychic Pads Monster Tips<\/h2>\n<p>This is the weapon people dream of using in this game, but it can be hard to get. If you are lucky enough to use one, try to use it without blasting yourself to Pluto with these essential IMP-tips:<\/p>\n<ul>\n<li>Remember this weapon once picked up will usually only spawn again in two minutes time, so it&#8217;s no good sitting there waiting for it to spawn if someone has just taken it, you will fall so far behind in the game.<\/li>\n<li>Remember this weapon is NOT available in the game type <a href=\"https:\/\/worldofpadman.net\/about\/game-types\/big-balloon\/\">Big Balloon<\/a> (and others) for the reason of game balance.<\/li>\n<li>When you use this weapon, make sure you fire it at long distance.<\/li>\n<li>If you are fully shielded you can use it against medium distanced opponents and still survive.<\/li>\n<li>Don&#8217;t hold the charge too long &#8230; or you will lose your hands.<\/li>\n<li>When this weapon is combined with the <a href=\"https:\/\/worldofpadman.net\/about\/powerups\/padpower\/\">PadPower<\/a> you can turn into a suicide bomb and still survive to collect the green cartridge goodness.<\/li>\n<li>The ammo for this gun is harder to find in the maps, but if your IMP is out of ammo, it&#8217;s worth while getting more.<\/li>\n<li>The Imperius is not lame to use, its charge time and two minute respawn means that who ever gets it, then it&#8217;s well done to them and ha-ha to you. Don&#8217;t like it? Get it yourself, or learn to counter it, it&#8217;s possible, so stop yer whinin&#8217;!<\/li>\n<\/ul>\n<p><\/p>","protected":false},"excerpt":{"rendered":"<p>If somewhere in the game a purple star suddenly appears, run! With its all-destructive explosion, the Imperius is simply the most powerful of all weapons. It is so dangerous that it is hard to find and does not appear in all maps and game modes, such as Big Balloon, Last Pad Standing and\u00a0 Capture The [&hellip;]<\/p>\n","protected":false},"author":2,"featured_media":9265,"parent":1273,"menu_order":0,"comment_status":"closed","ping_status":"closed","template":"template-full.php","meta":{"footnotes":""},"class_list":["post-1925","page","type-page","status-publish","has-post-thumbnail","hentry"],"_links":{"self":[{"href":"https:\/\/worldofpadman.net\/en\/wp-json\/wp\/v2\/pages\/1925","targetHints":{"allow":["GET"]}}],"collection":[{"href":"https:\/\/worldofpadman.net\/en\/wp-json\/wp\/v2\/pages"}],"about":[{"href":"https:\/\/worldofpadman.net\/en\/wp-json\/wp\/v2\/types\/page"}],"author":[{"embeddable":true,"href":"https:\/\/worldofpadman.net\/en\/wp-json\/wp\/v2\/users\/2"}],"replies":[{"embeddable":true,"href":"https:\/\/worldofpadman.net\/en\/wp-json\/wp\/v2\/comments?post=1925"}],"version-history":[{"count":8,"href":"https:\/\/worldofpadman.net\/en\/wp-json\/wp\/v2\/pages\/1925\/revisions"}],"predecessor-version":[{"id":9267,"href":"https:\/\/worldofpadman.net\/en\/wp-json\/wp\/v2\/pages\/1925\/revisions\/9267"}],"up":[{"embeddable":true,"href":"https:\/\/worldofpadman.net\/en\/wp-json\/wp\/v2\/pages\/1273"}],"wp:featuredmedia":[{"embeddable":true,"href":"https:\/\/worldofpadman.net\/en\/wp-json\/wp\/v2\/media\/9265"}],"wp:attachment":[{"href":"https:\/\/worldofpadman.net\/en\/wp-json\/wp\/v2\/media?parent=1925"}],"curies":[{"name":"wp","href":"https:\/\/api.w.org\/{rel}","templated":true}]}}