{"id":6333,"date":"2019-04-26T16:57:22","date_gmt":"2019-04-26T14:57:22","guid":{"rendered":"https:\/\/worldofpadman.net\/?page_id=6333"},"modified":"2021-09-09T14:48:07","modified_gmt":"2021-09-09T12:48:07","slug":"2006-05-3sat-neues","status":"publish","type":"page","link":"https:\/\/worldofpadman.net\/en\/xtras\/media-coverage\/2006-05-3sat-neues\/","title":{"rendered":"2006\/05 | 3sat Neues"},"content":{"rendered":"<p class=\"qtranxs-available-languages-message qtranxs-available-languages-message-en\">Sorry, this entry is only available in <a href=\"https:\/\/worldofpadman.net\/de\/wp-json\/wp\/v2\/pages\/6333\" class=\"qtranxs-available-language-link qtranxs-available-language-link-de\" title=\"Deutsch\">Deutsch<\/a>.<\/p>","protected":false},"excerpt":{"rendered":"<p>World of Padman auf dem LinuxTag in Wiesbaden Telecasted by 3sat Neues (DE) | 07. Mai 2006 &#8220;Dem bunten Online-Spektakel kann man ansehen, dass viele kreative K\u00f6pfe daran mitwerkeln. Liebevolle Details &#8230; machen richtig Spa\u00df beim Entdecken.&#8221; In der Sendung Neues auf 3sat wurde World of Padman als Modifikation f\u00fcr Quake 3 Arena in knapp [&hellip;]<\/p>\n","protected":false},"author":2,"featured_media":6335,"parent":4877,"menu_order":0,"comment_status":"closed","ping_status":"closed","template":"template-full.php","meta":{"footnotes":""},"class_list":["post-6333","page","type-page","status-publish","has-post-thumbnail","hentry"],"_links":{"self":[{"href":"https:\/\/worldofpadman.net\/en\/wp-json\/wp\/v2\/pages\/6333","targetHints":{"allow":["GET"]}}],"collection":[{"href":"https:\/\/worldofpadman.net\/en\/wp-json\/wp\/v2\/pages"}],"about":[{"href":"https:\/\/worldofpadman.net\/en\/wp-json\/wp\/v2\/types\/page"}],"author":[{"embeddable":true,"href":"https:\/\/worldofpadman.net\/en\/wp-json\/wp\/v2\/users\/2"}],"replies":[{"embeddable":true,"href":"https:\/\/worldofpadman.net\/en\/wp-json\/wp\/v2\/comments?post=6333"}],"version-history":[{"count":6,"href":"https:\/\/worldofpadman.net\/en\/wp-json\/wp\/v2\/pages\/6333\/revisions"}],"predecessor-version":[{"id":9058,"href":"https:\/\/worldofpadman.net\/en\/wp-json\/wp\/v2\/pages\/6333\/revisions\/9058"}],"up":[{"embeddable":true,"href":"https:\/\/worldofpadman.net\/en\/wp-json\/wp\/v2\/pages\/4877"}],"wp:featuredmedia":[{"embeddable":true,"href":"https:\/\/worldofpadman.net\/en\/wp-json\/wp\/v2\/media\/6335"}],"wp:attachment":[{"href":"https:\/\/worldofpadman.net\/en\/wp-json\/wp\/v2\/media?parent=6333"}],"curies":[{"name":"wp","href":"https:\/\/api.w.org\/{rel}","templated":true}]}}